{"id":2,"date":"2026-03-05T17:31:55","date_gmt":"2026-03-05T17:31:55","guid":{"rendered":"http:\/\/parati.matthiasklassen.com\/?page_id=2"},"modified":"2026-03-11T01:40:35","modified_gmt":"2026-03-11T00:40:35","slug":"ueber-uns","status":"publish","type":"page","link":"https:\/\/parati.matthiasklassen.com\/en\/ueber-uns\/","title":{"rendered":"About us"},"content":{"rendered":"<div class=\"wp-block-group is-layout-constrained wp-container-core-group-is-layout-9d5bd49a wp-block-group-is-layout-constrained\" style=\"margin-top:0;margin-bottom:0;padding-top:var(--wp--preset--spacing--60);padding-right:var(--wp--preset--spacing--40);padding-bottom:var(--wp--preset--spacing--60);padding-left:var(--wp--preset--spacing--40)\">\n<div class=\"wp-block-columns is-layout-flex wp-container-core-columns-is-layout-28f84493 wp-block-columns-is-layout-flex\">\n<div class=\"wp-block-column is-vertically-aligned-center is-layout-flow wp-block-column-is-layout-flow\" style=\"flex-basis:70%\">\n<div class=\"wp-block-group is-layout-flow wp-block-group-is-layout-flow\">\n<h2 class=\"wp-block-heading wow fadeInRight has-oxanium-font-family\">Para Ti Dance ist mehr als eine Tanzschule<\/h2>\n\n\n\n<p class=\"wow fadeInLeft\">Wir sind ein Ort f\u00fcr Entwicklung, Begegnung und k\u00fcnstlerischen Ausdruck.<\/p>\n\n\n\n<p class=\"wow fadeInLeft\">Seit teilweise mehr als zehn Jahren sind wir aktiver Teil der Salsa- und Cuban-Dance-Szene und haben ihre Entwicklung mitgestaltet \u2013 als T\u00e4nzer:innen, Lehrer:innen, Musiker:innen und Veranstalter:innen. Unsere Erfahrung verbindet sich mit einem klaren Anspruch: Qualit\u00e4t, Authentizit\u00e4t und Community geh\u00f6ren f\u00fcr uns untrennbar zusammen.<\/p>\n<\/div>\n<\/div>\n\n\n\n<div class=\"wp-block-column is-vertically-aligned-center is-layout-flow wp-block-column-is-layout-flow\">\n<figure class=\"wp-block-image size-full wow fadeInRight\"><img loading=\"lazy\" decoding=\"async\" width=\"724\" height=\"608\" src=\"http:\/\/parati.matthiasklassen.com\/wp-content\/uploads\/2026\/03\/Para-Ti_logo_transparent.png\" alt=\"Para Ti Logo\" class=\"wp-image-66\" srcset=\"https:\/\/parati.matthiasklassen.com\/wp-content\/uploads\/2026\/03\/Para-Ti_logo_transparent.png 724w, https:\/\/parati.matthiasklassen.com\/wp-content\/uploads\/2026\/03\/Para-Ti_logo_transparent-300x252.png 300w, https:\/\/parati.matthiasklassen.com\/wp-content\/uploads\/2026\/03\/Para-Ti_logo_transparent-14x12.png 14w\" sizes=\"auto, (max-width: 724px) 100vw, 724px\" \/><\/figure>\n<\/div>\n<\/div>\n<\/div>\n\n\n\n<div class=\"wp-block-group is-layout-constrained wp-container-core-group-is-layout-9d5bd49a wp-block-group-is-layout-constrained\" style=\"margin-top:0;margin-bottom:0;padding-top:var(--wp--preset--spacing--60);padding-right:var(--wp--preset--spacing--40);padding-bottom:var(--wp--preset--spacing--60);padding-left:var(--wp--preset--spacing--40)\">\n<div class=\"wp-block-columns is-layout-flex wp-container-core-columns-is-layout-28f84493 wp-block-columns-is-layout-flex\">\n<div class=\"wp-block-column is-vertically-aligned-center wow fadeInLeft is-layout-flow wp-block-column-is-layout-flow\">\n<div class=\"wp-block-cover aligncenter\"><img loading=\"lazy\" decoding=\"async\" width=\"2048\" height=\"2560\" class=\"wp-block-cover__image-background wp-image-445 size-full\" alt=\"\u00dcber uns\" src=\"https:\/\/parati.matthiasklassen.com\/wp-content\/uploads\/2026\/03\/ueber-uns2-scaled.jpg\" style=\"object-position:60% 30%\" data-object-fit=\"cover\" data-object-position=\"60% 30%\" srcset=\"https:\/\/parati.matthiasklassen.com\/wp-content\/uploads\/2026\/03\/ueber-uns2-scaled.jpg 2048w, https:\/\/parati.matthiasklassen.com\/wp-content\/uploads\/2026\/03\/ueber-uns2-240x300.jpg 240w, https:\/\/parati.matthiasklassen.com\/wp-content\/uploads\/2026\/03\/ueber-uns2-819x1024.jpg 819w, https:\/\/parati.matthiasklassen.com\/wp-content\/uploads\/2026\/03\/ueber-uns2-768x960.jpg 768w, https:\/\/parati.matthiasklassen.com\/wp-content\/uploads\/2026\/03\/ueber-uns2-1229x1536.jpg 1229w, https:\/\/parati.matthiasklassen.com\/wp-content\/uploads\/2026\/03\/ueber-uns2-1638x2048.jpg 1638w, https:\/\/parati.matthiasklassen.com\/wp-content\/uploads\/2026\/03\/ueber-uns2-10x12.jpg 10w\" sizes=\"auto, (max-width: 2048px) 100vw, 2048px\" \/><span aria-hidden=\"true\" class=\"wp-block-cover__background has-background-dim-0 has-background-dim\"><\/span><div class=\"wp-block-cover__inner-container is-layout-constrained wp-block-cover-is-layout-constrained\">\n<p class=\"has-text-align-center has-large-font-size\"><\/p>\n<\/div><\/div>\n<\/div>\n\n\n\n<div class=\"wp-block-column is-vertically-aligned-center is-layout-flow wp-block-column-is-layout-flow\">\n<div class=\"wp-block-group is-layout-constrained wp-block-group-is-layout-constrained\">\n<p class=\"wow fadeInRight\">Wir schaffen einen Raum, in dem jede Person ihre Rolle frei w\u00e4hlen kann. Deshalb sprechen wir von Leadern und Followern und f\u00f6rdern gegenseitiges Verst\u00e4ndnis, Respekt und Offenheit auf der Tanzfl\u00e4che.<\/p>\n\n\n\n<p class=\"wow fadeInRight\">Weltoffenheit ist bei uns gelebte Realit\u00e4t: Unser Team spricht mehrere Sprachen, kommt aus unterschiedlichen kulturellen Hintergr\u00fcnden und verbindet verschiedene k\u00fcnstlerische Perspektiven.<\/p>\n\n\n\n<p class=\"wow fadeInRight\">Bei uns geht es nicht nur um Schritte und Figuren.<\/p>\n\n\n\n<p class=\"wow fadeInRight\">Wir verbinden Tanz mit musikalischem Fachwissen, mit kulturellem Verst\u00e4ndnis und mit einem professionellen Trainingsansatz. Technik, Musikalit\u00e4t und Ausdruck entwickeln sich bei uns Hand in Hand.<\/p>\n<\/div>\n<\/div>\n<\/div>\n<\/div>\n\n\n\n<div class=\"wp-block-cover alignfull has-parallax fixed-cover\" style=\"margin-top:var(--wp--preset--spacing--60);margin-bottom:var(--wp--preset--spacing--60)\"><div role=\"img\" aria-label=\"Gemeinschaft\" class=\"wp-block-cover__image-background wp-image-456 size-large has-parallax\" style=\"background-position:50% 50%;background-image:url(http:\/\/parati.matthiasklassen.com\/wp-content\/uploads\/2026\/03\/gemeinschaft-1024x576.jpg)\"><\/div><span aria-hidden=\"true\" class=\"wp-block-cover__background has-foreground-background-color has-background-dim\"><\/span><div class=\"wp-block-cover__inner-container is-layout-constrained wp-container-core-cover-is-layout-6313c528 wp-block-cover-is-layout-constrained\">\n<p class=\"has-text-align-center wow fadeInLeft has-large-font-size\">Gleichzeitig glauben wir an Gemeinschaft.<\/p>\n\n\n\n<p class=\"has-text-align-center wow fadeInRight\">Wir m\u00f6chten nicht nur ein Hobby bedienen \u2013 wir gestalten einen Lifestyle. Einen Raum, in dem Menschen sich zu Hause f\u00fchlen, wachsen d\u00fcrfen und ihre eigene t\u00e4nzerische wie pers\u00f6nliche Entwicklung ernst genommen wird.<\/p>\n<\/div><\/div>\n\n\n\n<div class=\"wp-block-group is-layout-constrained wp-container-core-group-is-layout-05224617 wp-block-group-is-layout-constrained\" style=\"padding-top:var(--wp--preset--spacing--60);padding-right:var(--wp--preset--spacing--40);padding-bottom:var(--wp--preset--spacing--60);padding-left:var(--wp--preset--spacing--40)\">\n<p class=\"has-text-align-center wow fadeInLeft\">Wir f\u00f6rdern Menschen, die sich <strong>einbringen<\/strong> wollen.<\/p>\n\n\n\n<p class=\"has-text-align-center wow fadeInRight\">Die <strong>mitgestalten<\/strong>.<\/p>\n\n\n\n<p class=\"has-text-align-center wow fadeInLeft\">Die <strong>Verantwortung<\/strong> \u00fcbernehmen.<\/p>\n\n\n\n<p class=\"has-text-align-center wow fadeInRight\">Die <strong>etwas beitragen<\/strong> m\u00f6chten.<\/p>\n\n\n\n<p class=\"has-text-align-center wow fadeInLeft\">Para Ti bedeutet:&nbsp;<em><strong>F\u00fcr dich<\/strong>.<\/em><\/p>\n\n\n\n<p class=\"has-text-align-center wow fadeInRight\">Und genau darum geht es \u2013 um deinen Weg, deine Entwicklung, deinen Ausdruck.<\/p>\n\n\n\n<p class=\"has-text-align-center wow fadeInLeft\">Willkommen.<\/p>\n<\/div>","protected":false},"excerpt":{"rendered":"<p>Para Ti Dance ist mehr als eine Tanzschule Wir sind ein Ort f\u00fcr Entwicklung, Begegnung und k\u00fcnstlerischen Ausdruck. Seit teilweise mehr als zehn Jahren sind wir aktiver Teil der Salsa- und Cuban-Dance-Szene und haben ihre Entwicklung mitgestaltet \u2013 als T\u00e4nzer:innen, Lehrer:innen, Musiker:innen und Veranstalter:innen. Unsere Erfahrung verbindet sich mit einem klaren Anspruch: Qualit\u00e4t, Authentizit\u00e4t und [&hellip;]<\/p>\n","protected":false},"author":1,"featured_media":0,"parent":0,"menu_order":0,"comment_status":"closed","ping_status":"closed","template":"","meta":{"footnotes":""},"class_list":["post-2","page","type-page","status-publish","hentry"],"_links":{"self":[{"href":"https:\/\/parati.matthiasklassen.com\/en\/wp-json\/wp\/v2\/pages\/2","targetHints":{"allow":["GET"]}}],"collection":[{"href":"https:\/\/parati.matthiasklassen.com\/en\/wp-json\/wp\/v2\/pages"}],"about":[{"href":"https:\/\/parati.matthiasklassen.com\/en\/wp-json\/wp\/v2\/types\/page"}],"author":[{"embeddable":true,"href":"https:\/\/parati.matthiasklassen.com\/en\/wp-json\/wp\/v2\/users\/1"}],"replies":[{"embeddable":true,"href":"https:\/\/parati.matthiasklassen.com\/en\/wp-json\/wp\/v2\/comments?post=2"}],"version-history":[{"count":10,"href":"https:\/\/parati.matthiasklassen.com\/en\/wp-json\/wp\/v2\/pages\/2\/revisions"}],"predecessor-version":[{"id":544,"href":"https:\/\/parati.matthiasklassen.com\/en\/wp-json\/wp\/v2\/pages\/2\/revisions\/544"}],"wp:attachment":[{"href":"https:\/\/parati.matthiasklassen.com\/en\/wp-json\/wp\/v2\/media?parent=2"}],"curies":[{"name":"wp","href":"https:\/\/api.w.org\/{rel}","templated":true}]}}